{"id":8091,"date":"2021-05-24T13:06:56","date_gmt":"2021-05-24T11:06:56","guid":{"rendered":"https:\/\/thebeachmuse.com\/?page_id=8091"},"modified":"2023-03-10T19:54:51","modified_gmt":"2023-03-10T17:54:51","slug":"a-propos","status":"publish","type":"page","link":"https:\/\/thebeachmuse.com\/fr\/a-propos\/","title":{"rendered":"\u00c0 propos"},"content":{"rendered":"<blockquote>\n<p style=\"text-align: justify;\"><img decoding=\"async\" class=\"wp-image-9104 size-medium aligncenter\" src=\"https:\/\/thebeachmuse.com\/wp-content\/uploads\/2023\/03\/Sophie-profil-min-e1678457235757.jpg\" alt=\"\" width=\"341\" height=\"600\" \/><\/p>\n<\/blockquote>\n<p>&nbsp;<\/p>\n<p class=\"p1\" style=\"text-align: justify;\">Salut ! Bienvenue sur\u00a0<b>The Beach Muse<\/b>, moi c&rsquo;est Sophie ! Je viens de cette jolie ville qu&rsquo;on appelle Paris mais je suis tomb\u00e9e sous le charme de la M\u00e9diterran\u00e9e il y a maintenant quelques ann\u00e9es. Apr\u00e8s 4 ans pass\u00e9s entre Paris et Ath\u00e8nes et des dizaines d&rsquo;allers-retours plus tard (on va pas se mentir, ce n&rsquo;\u00e9tait pas juste pour l&rsquo;ambiance de la ville, mais plut\u00f4t&#8230; quelqu&rsquo;un !), j&rsquo;ai d\u00e9cid\u00e9 d&rsquo;y d\u00e9m\u00e9nager et commencer une nouvelle vie en Gr\u00e8ce. Quelle aventure jusqu&rsquo;\u00e0 pr\u00e9sent !<\/p>\n<p>Apr\u00e8s 2 ans pass\u00e9s \u00e0 Ath\u00e8nes, nous sommes maintenant install\u00e9s \u00e0 Z\u00fcrich, o\u00f9 l&rsquo;eau cristalline du lac nous rafra\u00eechit pendant les beaux mois d&rsquo;\u00e9t\u00e9 ! Et d\u00e8s que j&rsquo;en ai l&rsquo;occasion, je file au soleil vers une petite crique de la M\u00e9diterran\u00e9e&#8230; \ud83e\udd70\ud83c\udf1e<\/p>\n<p class=\"p1\" style=\"text-align: justify;\">J&rsquo;ai cr\u00e9\u00e9 The Beach Muse pour partager mes voyages autour de la M\u00e9diterran\u00e9e. Ses paysages magnifiques, sa culture chaleureuse, ses plats savoureux et toutes les personnes si chouettes que j&rsquo;ai pu rencontrer jusqu&rsquo;\u00e0 pr\u00e9sent font vibrer mon coeur au quotidien. Mon but est de te faire d\u00e9couvrir ces exp\u00e9riences que je vis et, peut-\u00eatre, te donner envie de partir \u00e0 l&rsquo;aventure toi aussi ! Si tu aimes explorer la nature, te balader dans des petites rues sympas, ramasser des coquillages, faire de la plong\u00e9e, les longues balades et papotages sur la plage, d\u00e9guster un d\u00e9licieux poulpe grill\u00e9 au barbecue <i>(bref, je crois que t&rsquo;as compris)<\/i>, ce site est pour toi, et j&rsquo;ai h\u00e2te de te rencontrer !<\/p>\n<p>&nbsp;<\/p>\n<p class=\"p3\" style=\"text-align: center;\">Merci pour ta visite, et bonne balade sur The Beach Muse !<\/p>\n","protected":false},"excerpt":{"rendered":"<p>&nbsp; Salut ! Bienvenue sur\u00a0The Beach Muse, moi c&rsquo;est Sophie ! Je viens de cette jolie ville qu&rsquo;on appelle Paris mais je suis tomb\u00e9e sous le charme de la M\u00e9diterran\u00e9e il y a maintenant quelques ann\u00e9es. Apr\u00e8s 4 ans pass\u00e9s [&hellip;]<\/p>\n","protected":false},"author":2,"featured_media":0,"parent":0,"menu_order":0,"comment_status":"closed","ping_status":"closed","template":"","meta":{"_vp_format_video_url":"","_vp_image_focal_point":[],"footnotes":""},"class_list":["post-8091","page","type-page","status-publish","hentry"],"yoast_head":"<!-- This site is optimized with the Yoast SEO plugin v27.3 - https:\/\/yoast.com\/product\/yoast-seo-wordpress\/ -->\n<title>\u00c0 propos - The Beach Muse<\/title>\n<meta name=\"description\" content=\"&nbsp; Salut ! Bienvenue sur\u00a0The Beach Muse, moi c&#039;est Sophie ! Je viens de cette jolie ville qu&#039;on appelle Paris mais je suis tomb\u00e9e sous le charme de la\" \/>\n<meta name=\"robots\" content=\"index, follow, max-snippet:-1, max-image-preview:large, max-video-preview:-1\" \/>\n<link rel=\"canonical\" href=\"https:\/\/thebeachmuse.com\/fr\/a-propos\/\" \/>\n<meta property=\"og:locale\" content=\"fr_FR\" \/>\n<meta property=\"og:type\" content=\"article\" \/>\n<meta property=\"og:title\" content=\"\u00c0 propos - The Beach Muse\" \/>\n<meta property=\"og:description\" content=\"&nbsp; Salut ! Bienvenue sur\u00a0The Beach Muse, moi c&#039;est Sophie ! Je viens de cette jolie ville qu&#039;on appelle Paris mais je suis tomb\u00e9e sous le charme de la\" \/>\n<meta property=\"og:url\" content=\"https:\/\/thebeachmuse.com\/fr\/a-propos\/\" \/>\n<meta property=\"og:site_name\" content=\"The Beach Muse\" \/>\n<meta property=\"article:modified_time\" content=\"2023-03-10T17:54:51+00:00\" \/>\n<meta property=\"og:image\" content=\"https:\/\/thebeachmuse.com\/wp-content\/uploads\/2023\/03\/Sophie-profil-min-341x600.jpg\" \/>\n<meta name=\"twitter:card\" content=\"summary_large_image\" \/>\n<meta name=\"twitter:label1\" content=\"Dur\u00e9e de lecture estim\u00e9e\" \/>\n\t<meta name=\"twitter:data1\" content=\"2 minutes\" \/>\n<script type=\"application\/ld+json\" class=\"yoast-schema-graph\">{\"@context\":\"https:\\\/\\\/schema.org\",\"@graph\":[{\"@type\":\"WebPage\",\"@id\":\"https:\\\/\\\/thebeachmuse.com\\\/fr\\\/a-propos\\\/\",\"url\":\"https:\\\/\\\/thebeachmuse.com\\\/fr\\\/a-propos\\\/\",\"name\":\"\u00c0 propos - The Beach Muse\",\"isPartOf\":{\"@id\":\"https:\\\/\\\/thebeachmuse.com\\\/fr\\\/#website\"},\"primaryImageOfPage\":{\"@id\":\"https:\\\/\\\/thebeachmuse.com\\\/fr\\\/a-propos\\\/#primaryimage\"},\"image\":{\"@id\":\"https:\\\/\\\/thebeachmuse.com\\\/fr\\\/a-propos\\\/#primaryimage\"},\"thumbnailUrl\":\"https:\\\/\\\/thebeachmuse.com\\\/wp-content\\\/uploads\\\/2023\\\/03\\\/Sophie-profil-min-e1678457235757.jpg\",\"datePublished\":\"2021-05-24T11:06:56+00:00\",\"dateModified\":\"2023-03-10T17:54:51+00:00\",\"description\":\"&nbsp; Salut ! Bienvenue sur\u00a0The Beach Muse, moi c'est Sophie ! Je viens de cette jolie ville qu'on appelle Paris mais je suis tomb\u00e9e sous le charme de la\",\"breadcrumb\":{\"@id\":\"https:\\\/\\\/thebeachmuse.com\\\/fr\\\/a-propos\\\/#breadcrumb\"},\"inLanguage\":\"fr-FR\",\"potentialAction\":[{\"@type\":\"ReadAction\",\"target\":[\"https:\\\/\\\/thebeachmuse.com\\\/fr\\\/a-propos\\\/\"]}]},{\"@type\":\"ImageObject\",\"inLanguage\":\"fr-FR\",\"@id\":\"https:\\\/\\\/thebeachmuse.com\\\/fr\\\/a-propos\\\/#primaryimage\",\"url\":\"https:\\\/\\\/thebeachmuse.com\\\/wp-content\\\/uploads\\\/2023\\\/03\\\/Sophie-profil-min-e1678457235757.jpg\",\"contentUrl\":\"https:\\\/\\\/thebeachmuse.com\\\/wp-content\\\/uploads\\\/2023\\\/03\\\/Sophie-profil-min-e1678457235757.jpg\"},{\"@type\":\"BreadcrumbList\",\"@id\":\"https:\\\/\\\/thebeachmuse.com\\\/fr\\\/a-propos\\\/#breadcrumb\",\"itemListElement\":[{\"@type\":\"ListItem\",\"position\":1,\"name\":\"Accueil\",\"item\":\"https:\\\/\\\/thebeachmuse.com\\\/fr\\\/accueil\\\/\"},{\"@type\":\"ListItem\",\"position\":2,\"name\":\"\u00c0 propos\"}]},{\"@type\":\"WebSite\",\"@id\":\"https:\\\/\\\/thebeachmuse.com\\\/fr\\\/#website\",\"url\":\"https:\\\/\\\/thebeachmuse.com\\\/fr\\\/\",\"name\":\"The Beach Muse\",\"description\":\"Mediterranean Traveller\",\"publisher\":{\"@id\":\"https:\\\/\\\/thebeachmuse.com\\\/fr\\\/#\\\/schema\\\/person\\\/954e415f626487d827ff999360f32521\"},\"potentialAction\":[{\"@type\":\"SearchAction\",\"target\":{\"@type\":\"EntryPoint\",\"urlTemplate\":\"https:\\\/\\\/thebeachmuse.com\\\/fr\\\/?s={search_term_string}\"},\"query-input\":{\"@type\":\"PropertyValueSpecification\",\"valueRequired\":true,\"valueName\":\"search_term_string\"}}],\"inLanguage\":\"fr-FR\"},{\"@type\":[\"Person\",\"Organization\"],\"@id\":\"https:\\\/\\\/thebeachmuse.com\\\/fr\\\/#\\\/schema\\\/person\\\/954e415f626487d827ff999360f32521\",\"name\":\"The Beach Muse\",\"image\":{\"@type\":\"ImageObject\",\"inLanguage\":\"fr-FR\",\"@id\":\"https:\\\/\\\/thebeachmuse.com\\\/wp-content\\\/uploads\\\/2018\\\/08\\\/Logo-TBM-rond.png\",\"url\":\"https:\\\/\\\/thebeachmuse.com\\\/wp-content\\\/uploads\\\/2018\\\/08\\\/Logo-TBM-rond.png\",\"contentUrl\":\"https:\\\/\\\/thebeachmuse.com\\\/wp-content\\\/uploads\\\/2018\\\/08\\\/Logo-TBM-rond.png\",\"width\":1357,\"height\":1357,\"caption\":\"The Beach Muse\"},\"logo\":{\"@id\":\"https:\\\/\\\/thebeachmuse.com\\\/wp-content\\\/uploads\\\/2018\\\/08\\\/Logo-TBM-rond.png\"},\"sameAs\":[\"https:\\\/\\\/thebeachmuse.com\\\/\"]}]}<\/script>\n<!-- \/ Yoast SEO plugin. -->","yoast_head_json":{"title":"\u00c0 propos - The Beach Muse","description":"&nbsp; Salut ! Bienvenue sur\u00a0The Beach Muse, moi c'est Sophie ! Je viens de cette jolie ville qu'on appelle Paris mais je suis tomb\u00e9e sous le charme de la","robots":{"index":"index","follow":"follow","max-snippet":"max-snippet:-1","max-image-preview":"max-image-preview:large","max-video-preview":"max-video-preview:-1"},"canonical":"https:\/\/thebeachmuse.com\/fr\/a-propos\/","og_locale":"fr_FR","og_type":"article","og_title":"\u00c0 propos - The Beach Muse","og_description":"&nbsp; Salut ! Bienvenue sur\u00a0The Beach Muse, moi c'est Sophie ! Je viens de cette jolie ville qu'on appelle Paris mais je suis tomb\u00e9e sous le charme de la","og_url":"https:\/\/thebeachmuse.com\/fr\/a-propos\/","og_site_name":"The Beach Muse","article_modified_time":"2023-03-10T17:54:51+00:00","og_image":[{"url":"https:\/\/thebeachmuse.com\/wp-content\/uploads\/2023\/03\/Sophie-profil-min-341x600.jpg","type":"","width":"","height":""}],"twitter_card":"summary_large_image","twitter_misc":{"Dur\u00e9e de lecture estim\u00e9e":"2 minutes"},"schema":{"@context":"https:\/\/schema.org","@graph":[{"@type":"WebPage","@id":"https:\/\/thebeachmuse.com\/fr\/a-propos\/","url":"https:\/\/thebeachmuse.com\/fr\/a-propos\/","name":"\u00c0 propos - The Beach Muse","isPartOf":{"@id":"https:\/\/thebeachmuse.com\/fr\/#website"},"primaryImageOfPage":{"@id":"https:\/\/thebeachmuse.com\/fr\/a-propos\/#primaryimage"},"image":{"@id":"https:\/\/thebeachmuse.com\/fr\/a-propos\/#primaryimage"},"thumbnailUrl":"https:\/\/thebeachmuse.com\/wp-content\/uploads\/2023\/03\/Sophie-profil-min-e1678457235757.jpg","datePublished":"2021-05-24T11:06:56+00:00","dateModified":"2023-03-10T17:54:51+00:00","description":"&nbsp; Salut ! Bienvenue sur\u00a0The Beach Muse, moi c'est Sophie ! Je viens de cette jolie ville qu'on appelle Paris mais je suis tomb\u00e9e sous le charme de la","breadcrumb":{"@id":"https:\/\/thebeachmuse.com\/fr\/a-propos\/#breadcrumb"},"inLanguage":"fr-FR","potentialAction":[{"@type":"ReadAction","target":["https:\/\/thebeachmuse.com\/fr\/a-propos\/"]}]},{"@type":"ImageObject","inLanguage":"fr-FR","@id":"https:\/\/thebeachmuse.com\/fr\/a-propos\/#primaryimage","url":"https:\/\/thebeachmuse.com\/wp-content\/uploads\/2023\/03\/Sophie-profil-min-e1678457235757.jpg","contentUrl":"https:\/\/thebeachmuse.com\/wp-content\/uploads\/2023\/03\/Sophie-profil-min-e1678457235757.jpg"},{"@type":"BreadcrumbList","@id":"https:\/\/thebeachmuse.com\/fr\/a-propos\/#breadcrumb","itemListElement":[{"@type":"ListItem","position":1,"name":"Accueil","item":"https:\/\/thebeachmuse.com\/fr\/accueil\/"},{"@type":"ListItem","position":2,"name":"\u00c0 propos"}]},{"@type":"WebSite","@id":"https:\/\/thebeachmuse.com\/fr\/#website","url":"https:\/\/thebeachmuse.com\/fr\/","name":"The Beach Muse","description":"Mediterranean Traveller","publisher":{"@id":"https:\/\/thebeachmuse.com\/fr\/#\/schema\/person\/954e415f626487d827ff999360f32521"},"potentialAction":[{"@type":"SearchAction","target":{"@type":"EntryPoint","urlTemplate":"https:\/\/thebeachmuse.com\/fr\/?s={search_term_string}"},"query-input":{"@type":"PropertyValueSpecification","valueRequired":true,"valueName":"search_term_string"}}],"inLanguage":"fr-FR"},{"@type":["Person","Organization"],"@id":"https:\/\/thebeachmuse.com\/fr\/#\/schema\/person\/954e415f626487d827ff999360f32521","name":"The Beach Muse","image":{"@type":"ImageObject","inLanguage":"fr-FR","@id":"https:\/\/thebeachmuse.com\/wp-content\/uploads\/2018\/08\/Logo-TBM-rond.png","url":"https:\/\/thebeachmuse.com\/wp-content\/uploads\/2018\/08\/Logo-TBM-rond.png","contentUrl":"https:\/\/thebeachmuse.com\/wp-content\/uploads\/2018\/08\/Logo-TBM-rond.png","width":1357,"height":1357,"caption":"The Beach Muse"},"logo":{"@id":"https:\/\/thebeachmuse.com\/wp-content\/uploads\/2018\/08\/Logo-TBM-rond.png"},"sameAs":["https:\/\/thebeachmuse.com\/"]}]}},"_links":{"self":[{"href":"https:\/\/thebeachmuse.com\/fr\/wp-json\/wp\/v2\/pages\/8091","targetHints":{"allow":["GET"]}}],"collection":[{"href":"https:\/\/thebeachmuse.com\/fr\/wp-json\/wp\/v2\/pages"}],"about":[{"href":"https:\/\/thebeachmuse.com\/fr\/wp-json\/wp\/v2\/types\/page"}],"author":[{"embeddable":true,"href":"https:\/\/thebeachmuse.com\/fr\/wp-json\/wp\/v2\/users\/2"}],"replies":[{"embeddable":true,"href":"https:\/\/thebeachmuse.com\/fr\/wp-json\/wp\/v2\/comments?post=8091"}],"version-history":[{"count":0,"href":"https:\/\/thebeachmuse.com\/fr\/wp-json\/wp\/v2\/pages\/8091\/revisions"}],"wp:attachment":[{"href":"https:\/\/thebeachmuse.com\/fr\/wp-json\/wp\/v2\/media?parent=8091"}],"curies":[{"name":"wp","href":"https:\/\/api.w.org\/{rel}","templated":true}]}}