{"id":8128,"date":"2021-05-24T14:15:55","date_gmt":"2021-05-24T12:15:55","guid":{"rendered":"https:\/\/thebeachmuse.com\/?page_id=8128"},"modified":"2021-05-24T14:45:09","modified_gmt":"2021-05-24T12:45:09","slug":"conseils-de-voyage","status":"publish","type":"page","link":"https:\/\/thebeachmuse.com\/fr\/conseils-de-voyage\/","title":{"rendered":"Conseils de voyage"},"content":{"rendered":"<div class=\"wpb-content-wrapper\"><p>[vc_row][vc_column]<div class=\"mkdf-blog-list-holder mkdf-grid-list mkdf-disable-bottom-space mkdf-bl-alternating mkdf-one-columns mkdf-huge-space mkdf-bl-pag-no-pagination  \"  data-type=alternating data-number-of-posts=-1 data-number-of-columns=one data-space-between-items=huge data-category=travel-tips-category data-orderby=date data-order=DESC data-image-size=full data-title-tag=h3 data-excerpt-length=40 data-post-info-image=yes data-post-info-author=no data-post-info-date=yes data-post-info-category=no data-post-info-comments=no data-post-info-like=no data-post-info-share=no data-pagination-type=no-pagination data-post-info-destination=no data-content-align=center data-post-info-read-more=no data-post-info-border=no data-max-num-pages=0 data-next-page=2>\n\t<div class=\"mkdf-bl-wrapper mkdf-outer-space\">\n\t\t<ul class=\"mkdf-blog-list\">\n\t\t\t<li class=\"mkdf-bl-item mkdf-item-space\">\n\t<div class=\"mkdf-bli-inner\">\n\t\t<div class=\"mkdf-bli-content\">\n            \n<h3 itemprop=\"name\" class=\"entry-title mkdf-post-title\" >\n            <a itemprop=\"url\" href=\"https:\/\/thebeachmuse.com\/fr\/meilleurs-sacs-appareil-photo-femme-voyage\/\" title=\"Les meilleurs sacs photo pour femme (2026)\">\n            Les meilleurs sacs photo pour femme (2026)            <\/a>\n    <\/h3>            <div class=\"mkdf-bli-excerpt\">\n                \t\t<div class=\"mkdf-post-excerpt-holder\">\n\t\t\t<p itemprop=\"description\" class=\"mkdf-post-excerpt\">\n\t\t\t\t\u00c0 la recherche d'un sac \u00e0 appareil photo pour femme mais impossible de trouver le mod\u00e8le parfait pour voyager ? Ne cherchez pas plus loin ! Voici la liste de sacs photo pour femme que vous attendiez : sac \u00e0\t\t\t<\/p>\n\t\t<\/div>\n\t                \t<div class=\"mkdf-post-read-more-button\">\n\t\t<a itemprop=\"url\" href=\"https:\/\/thebeachmuse.com\/fr\/meilleurs-sacs-appareil-photo-femme-voyage\/\" target=\"_self\"  class=\"mkdf-btn mkdf-btn-medium mkdf-btn-simple mkdf-blog-list-button\"  >    <span class=\"mkdf-btn-text\">En lire plus...<\/span>    <\/a>\t<\/div>\n            <\/div>\n                            <div class=\"mkdf-bli-content-bottom\">\n                    <div itemprop=\"dateCreated\" class=\"mkdf-post-info-date entry-date published updated\">\n            <a itemprop=\"url\" href=\"https:\/\/thebeachmuse.com\/fr\/2024\/03\/\">\n    \n        31 mars 2024        <\/a>\n    <meta itemprop=\"interactionCount\" content=\"UserComments: 4\"\/>\n<\/div>                <\/div>\n            \t\t<\/div>\n        <div class=\"mkdf-bli-content-right\">\n\t        \n\t<div class=\"mkdf-post-image\">\n\t\t\t\t\t<a itemprop=\"url\" href=\"https:\/\/thebeachmuse.com\/fr\/meilleurs-sacs-appareil-photo-femme-voyage\/\" title=\"Les meilleurs sacs photo pour femme (2026)\">\n\t\t\t\t\t<img decoding=\"async\" width=\"530\" height=\"800\" src=\"https:\/\/thebeachmuse.com\/wp-content\/uploads\/2021\/03\/158438590_462125134982933_1189520639178916996_n-1.jpg\" class=\"attachment-full size-full\" alt=\"Camera bags for women\" srcset=\"https:\/\/thebeachmuse.com\/wp-content\/uploads\/2021\/03\/158438590_462125134982933_1189520639178916996_n-1.jpg 530w, https:\/\/thebeachmuse.com\/wp-content\/uploads\/2021\/03\/158438590_462125134982933_1189520639178916996_n-1-398x600.jpg 398w, https:\/\/thebeachmuse.com\/wp-content\/uploads\/2021\/03\/158438590_462125134982933_1189520639178916996_n-1-500x755.jpg 500w, https:\/\/thebeachmuse.com\/wp-content\/uploads\/2021\/03\/158438590_462125134982933_1189520639178916996_n-1-8x12.jpg 8w\" sizes=\"(max-width: 530px) 100vw, 530px\" \/>\t\t\t\t\t<\/a>\n\t\t\t\t\t<\/div>\n        <\/div>\n\t<\/div>\n<\/li><li class=\"mkdf-bl-item mkdf-item-space\">\n\t<div class=\"mkdf-bli-inner\">\n\t\t<div class=\"mkdf-bli-content\">\n            \n<h3 itemprop=\"name\" class=\"entry-title mkdf-post-title\" >\n            <a itemprop=\"url\" href=\"https:\/\/thebeachmuse.com\/fr\/revolut-meilleure-carte-bancaire-pour-voyager\/\" title=\"Revolut : la meilleure carte bancaire pour voyager (sans frais !)\">\n            Revolut : la meilleure carte bancaire pour voyager (sans frais !)            <\/a>\n    <\/h3>            <div class=\"mkdf-bli-excerpt\">\n                \t\t<div class=\"mkdf-post-excerpt-holder\">\n\t\t\t<p itemprop=\"description\" class=\"mkdf-post-excerpt\">\n\t\t\t\tVous d\u00e9m\u00e9nagez \u00e0 l\u2019\u00e9tranger ou envisagez de voyager \u00e0 l\u2019\u00e9tranger et vous demandez que faire de votre compte en banque ou carte bancaire ? Comment payer \u00e0 l\u2019international sans avoir de frais exorbitants ? Je suis moi aussi pass\u00e9e par\t\t\t<\/p>\n\t\t<\/div>\n\t                \t<div class=\"mkdf-post-read-more-button\">\n\t\t<a itemprop=\"url\" href=\"https:\/\/thebeachmuse.com\/fr\/revolut-meilleure-carte-bancaire-pour-voyager\/\" target=\"_self\"  class=\"mkdf-btn mkdf-btn-medium mkdf-btn-simple mkdf-blog-list-button\"  >    <span class=\"mkdf-btn-text\">En lire plus...<\/span>    <\/a>\t<\/div>\n            <\/div>\n                            <div class=\"mkdf-bli-content-bottom\">\n                    <div itemprop=\"dateCreated\" class=\"mkdf-post-info-date entry-date published updated\">\n            <a itemprop=\"url\" href=\"https:\/\/thebeachmuse.com\/fr\/2021\/03\/\">\n    \n        18 mars 2021        <\/a>\n    <meta itemprop=\"interactionCount\" content=\"UserComments: 0\"\/>\n<\/div>                <\/div>\n            \t\t<\/div>\n        <div class=\"mkdf-bli-content-right\">\n\t        \n\t<div class=\"mkdf-post-image\">\n\t\t\t\t\t<a itemprop=\"url\" href=\"https:\/\/thebeachmuse.com\/fr\/revolut-meilleure-carte-bancaire-pour-voyager\/\" title=\"Revolut : la meilleure carte bancaire pour voyager (sans frais !)\">\n\t\t\t\t\t<img decoding=\"async\" width=\"332\" height=\"502\" src=\"https:\/\/thebeachmuse.com\/wp-content\/uploads\/2021\/03\/pexels-filippo-peisino-2678301.jpg\" class=\"attachment-full size-full\" alt=\"\" srcset=\"https:\/\/thebeachmuse.com\/wp-content\/uploads\/2021\/03\/pexels-filippo-peisino-2678301.jpg 332w, https:\/\/thebeachmuse.com\/wp-content\/uploads\/2021\/03\/pexels-filippo-peisino-2678301-8x12.jpg 8w\" sizes=\"(max-width: 332px) 100vw, 332px\" \/>\t\t\t\t\t<\/a>\n\t\t\t\t\t<\/div>\n        <\/div>\n\t<\/div>\n<\/li>\t\t<\/ul>\n\t<\/div>\n\t<\/div>[\/vc_column][\/vc_row]<\/p>\n<\/div>","protected":false},"excerpt":{"rendered":"<p>[vc_row][vc_column][\/vc_column][\/vc_row]<\/p>\n","protected":false},"author":2,"featured_media":0,"parent":0,"menu_order":0,"comment_status":"closed","ping_status":"closed","template":"","meta":{"footnotes":""},"class_list":["post-8128","page","type-page","status-publish","hentry"],"yoast_head":"<!-- This site is optimized with the Yoast SEO plugin v27.5 - https:\/\/yoast.com\/product\/yoast-seo-wordpress\/ -->\n<title>Conseils de voyage - The Beach Muse<\/title>\n<meta name=\"robots\" content=\"index, follow, max-snippet:-1, max-image-preview:large, max-video-preview:-1\" \/>\n<link rel=\"canonical\" href=\"https:\/\/thebeachmuse.com\/fr\/conseils-de-voyage\/\" \/>\n<meta property=\"og:locale\" content=\"fr_FR\" \/>\n<meta property=\"og:type\" content=\"article\" \/>\n<meta property=\"og:title\" content=\"Conseils de voyage - The Beach Muse\" \/>\n<meta property=\"og:url\" content=\"https:\/\/thebeachmuse.com\/fr\/conseils-de-voyage\/\" \/>\n<meta property=\"og:site_name\" content=\"The Beach Muse\" \/>\n<meta property=\"article:modified_time\" content=\"2021-05-24T12:45:09+00:00\" \/>\n<meta property=\"og:image\" content=\"https:\/\/thebeachmuse.com\/wp-content\/uploads\/2026\/04\/cropped-android-chrome-512x512-1.png\" \/>\n\t<meta property=\"og:image:width\" content=\"512\" \/>\n\t<meta property=\"og:image:height\" content=\"512\" \/>\n\t<meta property=\"og:image:type\" content=\"image\/png\" \/>\n<meta name=\"twitter:card\" content=\"summary_large_image\" \/>\n<meta name=\"twitter:label1\" content=\"Dur\u00e9e de lecture estim\u00e9e\" \/>\n\t<meta name=\"twitter:data1\" content=\"1 minute\" \/>\n<script type=\"application\/ld+json\" class=\"yoast-schema-graph\">{\"@context\":\"https:\\\/\\\/schema.org\",\"@graph\":[{\"@type\":\"WebPage\",\"@id\":\"https:\\\/\\\/thebeachmuse.com\\\/fr\\\/conseils-de-voyage\\\/\",\"url\":\"https:\\\/\\\/thebeachmuse.com\\\/fr\\\/conseils-de-voyage\\\/\",\"name\":\"Conseils de voyage - The Beach Muse\",\"isPartOf\":{\"@id\":\"https:\\\/\\\/thebeachmuse.com\\\/fr\\\/#website\"},\"datePublished\":\"2021-05-24T12:15:55+00:00\",\"dateModified\":\"2021-05-24T12:45:09+00:00\",\"breadcrumb\":{\"@id\":\"https:\\\/\\\/thebeachmuse.com\\\/fr\\\/conseils-de-voyage\\\/#breadcrumb\"},\"inLanguage\":\"fr-FR\",\"potentialAction\":[{\"@type\":\"ReadAction\",\"target\":[\"https:\\\/\\\/thebeachmuse.com\\\/fr\\\/conseils-de-voyage\\\/\"]}]},{\"@type\":\"BreadcrumbList\",\"@id\":\"https:\\\/\\\/thebeachmuse.com\\\/fr\\\/conseils-de-voyage\\\/#breadcrumb\",\"itemListElement\":[{\"@type\":\"ListItem\",\"position\":1,\"name\":\"Accueil\",\"item\":\"https:\\\/\\\/thebeachmuse.com\\\/fr\\\/\"},{\"@type\":\"ListItem\",\"position\":2,\"name\":\"Conseils de voyage\"}]},{\"@type\":\"WebSite\",\"@id\":\"https:\\\/\\\/thebeachmuse.com\\\/fr\\\/#website\",\"url\":\"https:\\\/\\\/thebeachmuse.com\\\/fr\\\/\",\"name\":\"The Beach Muse\",\"description\":\"Mediterranean Traveller\",\"publisher\":{\"@id\":\"https:\\\/\\\/thebeachmuse.com\\\/fr\\\/#\\\/schema\\\/person\\\/954e415f626487d827ff999360f32521\"},\"potentialAction\":[{\"@type\":\"SearchAction\",\"target\":{\"@type\":\"EntryPoint\",\"urlTemplate\":\"https:\\\/\\\/thebeachmuse.com\\\/fr\\\/?s={search_term_string}\"},\"query-input\":{\"@type\":\"PropertyValueSpecification\",\"valueRequired\":true,\"valueName\":\"search_term_string\"}}],\"inLanguage\":\"fr-FR\"},{\"@type\":[\"Person\",\"Organization\"],\"@id\":\"https:\\\/\\\/thebeachmuse.com\\\/fr\\\/#\\\/schema\\\/person\\\/954e415f626487d827ff999360f32521\",\"name\":\"The Beach Muse\",\"image\":{\"@type\":\"ImageObject\",\"inLanguage\":\"fr-FR\",\"@id\":\"https:\\\/\\\/thebeachmuse.com\\\/wp-content\\\/uploads\\\/2018\\\/08\\\/Logo-TBM-rond.png\",\"url\":\"https:\\\/\\\/thebeachmuse.com\\\/wp-content\\\/uploads\\\/2018\\\/08\\\/Logo-TBM-rond.png\",\"contentUrl\":\"https:\\\/\\\/thebeachmuse.com\\\/wp-content\\\/uploads\\\/2018\\\/08\\\/Logo-TBM-rond.png\",\"width\":1357,\"height\":1357,\"caption\":\"The Beach Muse\"},\"logo\":{\"@id\":\"https:\\\/\\\/thebeachmuse.com\\\/wp-content\\\/uploads\\\/2018\\\/08\\\/Logo-TBM-rond.png\"},\"description\":\"Hi, I'm Sophie! I come from Paris but I've been in love with the Mediterranean for as long as I can remember. The hidden coves, the ancient villages, the flavors, the light\u2026 The Beach Muse is my way of sharing the places and people that make this corner of the world so special to me and so hard to leave.\",\"sameAs\":[\"https:\\\/\\\/thebeachmuse.com\\\/\"]}]}<\/script>\n<!-- \/ Yoast SEO plugin. -->","yoast_head_json":{"title":"Conseils de voyage - The Beach Muse","robots":{"index":"index","follow":"follow","max-snippet":"max-snippet:-1","max-image-preview":"max-image-preview:large","max-video-preview":"max-video-preview:-1"},"canonical":"https:\/\/thebeachmuse.com\/fr\/conseils-de-voyage\/","og_locale":"fr_FR","og_type":"article","og_title":"Conseils de voyage - The Beach Muse","og_url":"https:\/\/thebeachmuse.com\/fr\/conseils-de-voyage\/","og_site_name":"The Beach Muse","article_modified_time":"2021-05-24T12:45:09+00:00","og_image":[{"width":512,"height":512,"url":"https:\/\/thebeachmuse.com\/wp-content\/uploads\/2026\/04\/cropped-android-chrome-512x512-1.png","type":"image\/png"}],"twitter_card":"summary_large_image","twitter_misc":{"Dur\u00e9e de lecture estim\u00e9e":"1 minute"},"schema":{"@context":"https:\/\/schema.org","@graph":[{"@type":"WebPage","@id":"https:\/\/thebeachmuse.com\/fr\/conseils-de-voyage\/","url":"https:\/\/thebeachmuse.com\/fr\/conseils-de-voyage\/","name":"Conseils de voyage - The Beach Muse","isPartOf":{"@id":"https:\/\/thebeachmuse.com\/fr\/#website"},"datePublished":"2021-05-24T12:15:55+00:00","dateModified":"2021-05-24T12:45:09+00:00","breadcrumb":{"@id":"https:\/\/thebeachmuse.com\/fr\/conseils-de-voyage\/#breadcrumb"},"inLanguage":"fr-FR","potentialAction":[{"@type":"ReadAction","target":["https:\/\/thebeachmuse.com\/fr\/conseils-de-voyage\/"]}]},{"@type":"BreadcrumbList","@id":"https:\/\/thebeachmuse.com\/fr\/conseils-de-voyage\/#breadcrumb","itemListElement":[{"@type":"ListItem","position":1,"name":"Accueil","item":"https:\/\/thebeachmuse.com\/fr\/"},{"@type":"ListItem","position":2,"name":"Conseils de voyage"}]},{"@type":"WebSite","@id":"https:\/\/thebeachmuse.com\/fr\/#website","url":"https:\/\/thebeachmuse.com\/fr\/","name":"The Beach Muse","description":"Mediterranean Traveller","publisher":{"@id":"https:\/\/thebeachmuse.com\/fr\/#\/schema\/person\/954e415f626487d827ff999360f32521"},"potentialAction":[{"@type":"SearchAction","target":{"@type":"EntryPoint","urlTemplate":"https:\/\/thebeachmuse.com\/fr\/?s={search_term_string}"},"query-input":{"@type":"PropertyValueSpecification","valueRequired":true,"valueName":"search_term_string"}}],"inLanguage":"fr-FR"},{"@type":["Person","Organization"],"@id":"https:\/\/thebeachmuse.com\/fr\/#\/schema\/person\/954e415f626487d827ff999360f32521","name":"The Beach Muse","image":{"@type":"ImageObject","inLanguage":"fr-FR","@id":"https:\/\/thebeachmuse.com\/wp-content\/uploads\/2018\/08\/Logo-TBM-rond.png","url":"https:\/\/thebeachmuse.com\/wp-content\/uploads\/2018\/08\/Logo-TBM-rond.png","contentUrl":"https:\/\/thebeachmuse.com\/wp-content\/uploads\/2018\/08\/Logo-TBM-rond.png","width":1357,"height":1357,"caption":"The Beach Muse"},"logo":{"@id":"https:\/\/thebeachmuse.com\/wp-content\/uploads\/2018\/08\/Logo-TBM-rond.png"},"description":"Hi, I'm Sophie! I come from Paris but I've been in love with the Mediterranean for as long as I can remember. The hidden coves, the ancient villages, the flavors, the light\u2026 The Beach Muse is my way of sharing the places and people that make this corner of the world so special to me and so hard to leave.","sameAs":["https:\/\/thebeachmuse.com\/"]}]}},"_links":{"self":[{"href":"https:\/\/thebeachmuse.com\/fr\/wp-json\/wp\/v2\/pages\/8128","targetHints":{"allow":["GET"]}}],"collection":[{"href":"https:\/\/thebeachmuse.com\/fr\/wp-json\/wp\/v2\/pages"}],"about":[{"href":"https:\/\/thebeachmuse.com\/fr\/wp-json\/wp\/v2\/types\/page"}],"author":[{"embeddable":true,"href":"https:\/\/thebeachmuse.com\/fr\/wp-json\/wp\/v2\/users\/2"}],"replies":[{"embeddable":true,"href":"https:\/\/thebeachmuse.com\/fr\/wp-json\/wp\/v2\/comments?post=8128"}],"version-history":[{"count":0,"href":"https:\/\/thebeachmuse.com\/fr\/wp-json\/wp\/v2\/pages\/8128\/revisions"}],"wp:attachment":[{"href":"https:\/\/thebeachmuse.com\/fr\/wp-json\/wp\/v2\/media?parent=8128"}],"curies":[{"name":"wp","href":"https:\/\/api.w.org\/{rel}","templated":true}]}}