{"id":10314,"date":"2025-03-23T19:30:30","date_gmt":"2025-03-23T17:30:30","guid":{"rendered":"https:\/\/thebeachmuse.com\/product\/explore-athens-like-a-local-interactive-google-maps-guide\/"},"modified":"2025-07-19T00:42:46","modified_gmt":"2025-07-18T22:42:46","slug":"explore-athenes-comme-un-local-guide-interactif-google-maps","status":"publish","type":"product","link":"https:\/\/thebeachmuse.com\/fr\/produit\/explore-athenes-comme-un-local-guide-interactif-google-maps\/","title":{"rendered":"Explore Ath\u00e8nes comme un local \u2013 Guide interactif Google Maps"},"content":{"rendered":"<style>#sp-ea-10279 .spcollapsing { height: 0; overflow: hidden; transition-property: height;transition-duration: 300ms;}#sp-ea-10279.sp-easy-accordion>.sp-ea-single {margin-bottom: 10px; border: 1px solid #e2e2e2; }#sp-ea-10279.sp-easy-accordion>.sp-ea-single>.ea-header a {color: #444;}#sp-ea-10279.sp-easy-accordion>.sp-ea-single>.sp-collapse>.ea-body {background: #fff; color: #444;}#sp-ea-10279.sp-easy-accordion>.sp-ea-single {background: #d8e8e8;}#sp-ea-10279.sp-easy-accordion>.sp-ea-single>.ea-header a .ea-expand-icon { float: left; color: #444;font-size: 16px;}<\/style><div id=\"sp_easy_accordion-1742753442\"><div id=\"sp-ea-10279\" class=\"sp-ea-one sp-easy-accordion\" data-ea-active=\"ea-click\" data-ea-mode=\"vertical\" data-preloader=\"\" data-scroll-active-item=\"\" data-offset-to-scroll=\"0\"><div class=\"ea-card ea-expand sp-ea-single\"><h3 class=\"ea-header\"><a class=\"collapsed\" id=\"ea-header-102790\" role=\"button\" data-sptoggle=\"spcollapse\" data-sptarget=\"#collapse102790\" aria-controls=\"collapse102790\" href=\"#\" aria-expanded=\"true\" tabindex=\"0\"><i aria-hidden=\"true\" role=\"presentation\" class=\"ea-expand-icon eap-icon-ea-expand-minus\"><\/i> Comment fonctionne ce guide Google Maps ?<\/a><\/h3><div class=\"sp-collapse spcollapse collapsed show\" id=\"collapse102790\" data-parent=\"#sp-ea-10279\" role=\"region\" aria-labelledby=\"ea-header-102790\"> <div class=\"ea-body\"><p data-pm-slice=\"1 1 []\">Apr\u00e8s ton achat, tu recevras un lien ainsi que des instructions simples. Il te suffira de cliquer sur le lien pour que tous mes endroits pr\u00e9f\u00e9r\u00e9s apparaissent instantan\u00e9ment dans ton application Google Maps, pr\u00eats \u00e0 \u00eatre utilis\u00e9s.<\/p><\/div><\/div><\/div><div class=\"ea-card sp-ea-single\"><h3 class=\"ea-header\"><a class=\"collapsed\" id=\"ea-header-102791\" role=\"button\" data-sptoggle=\"spcollapse\" data-sptarget=\"#collapse102791\" aria-controls=\"collapse102791\" href=\"#\" aria-expanded=\"false\" tabindex=\"0\"><i aria-hidden=\"true\" role=\"presentation\" class=\"ea-expand-icon eap-icon-ea-expand-plus\"><\/i> Dois-je installer une application sp\u00e9ciale ?<\/a><\/h3><div class=\"sp-collapse spcollapse \" id=\"collapse102791\" data-parent=\"#sp-ea-10279\" role=\"region\" aria-labelledby=\"ea-header-102791\"> <div class=\"ea-body\"><p data-pm-slice=\"1 1 []\">Non, aucune application sp\u00e9ciale n\u2019est n\u00e9cessaire ! Ce guide s\u2019int\u00e8gre directement \u00e0 l\u2019application Google Maps standard, que tu as probablement d\u00e9j\u00e0 sur ton smartphone.<\/p><\/div><\/div><\/div><div class=\"ea-card sp-ea-single\"><h3 class=\"ea-header\"><a class=\"collapsed\" id=\"ea-header-102792\" role=\"button\" data-sptoggle=\"spcollapse\" data-sptarget=\"#collapse102792\" aria-controls=\"collapse102792\" href=\"#\" aria-expanded=\"false\" tabindex=\"0\"><i aria-hidden=\"true\" role=\"presentation\" class=\"ea-expand-icon eap-icon-ea-expand-plus\"><\/i> Puis-je utiliser la carte hors connexion ?<\/a><\/h3><div class=\"sp-collapse spcollapse \" id=\"collapse102792\" data-parent=\"#sp-ea-10279\" role=\"region\" aria-labelledby=\"ea-header-102792\"> <div class=\"ea-body\"><p data-pm-slice=\"1 1 []\">Oui ! Avant ton d\u00e9part, il suffit de t\u00e9l\u00e9charger la zone concern\u00e9e dans Google Maps. Mes lieux favoris seront accessibles m\u00eame sans connexion internet.<\/p><\/div><\/div><\/div><div class=\"ea-card sp-ea-single\"><h3 class=\"ea-header\"><a class=\"collapsed\" id=\"ea-header-102793\" role=\"button\" data-sptoggle=\"spcollapse\" data-sptarget=\"#collapse102793\" aria-controls=\"collapse102793\" href=\"#\" aria-expanded=\"false\" tabindex=\"0\"><i aria-hidden=\"true\" role=\"presentation\" class=\"ea-expand-icon eap-icon-ea-expand-plus\"><\/i> Le guide est-il r\u00e9guli\u00e8rement mis \u00e0 jour ?<\/a><\/h3><div class=\"sp-collapse spcollapse \" id=\"collapse102793\" data-parent=\"#sp-ea-10279\" role=\"region\" aria-labelledby=\"ea-header-102793\"> <div class=\"ea-body\"><p data-pm-slice=\"1 1 []\">Tout \u00e0 fait ! Je voyage r\u00e9guli\u00e8rement et je mets \u00e0 jour mes guides en continu, en ajoutant mes nouvelles d\u00e9couvertes. Une fois le guide achet\u00e9, tu as toujours acc\u00e8s \u00e0 sa derni\u00e8re version.<\/p><\/div><\/div><\/div><div class=\"ea-card sp-ea-single\"><h3 class=\"ea-header\"><a class=\"collapsed\" id=\"ea-header-102794\" role=\"button\" data-sptoggle=\"spcollapse\" data-sptarget=\"#collapse102794\" aria-controls=\"collapse102794\" href=\"#\" aria-expanded=\"false\" tabindex=\"0\"><i aria-hidden=\"true\" role=\"presentation\" class=\"ea-expand-icon eap-icon-ea-expand-plus\"><\/i> Puis-je partager ce guide avec des amis ou de la famille ?<\/a><\/h3><div class=\"sp-collapse spcollapse \" id=\"collapse102794\" data-parent=\"#sp-ea-10279\" role=\"region\" aria-labelledby=\"ea-header-102794\"> <div class=\"ea-body\"><p data-pm-slice=\"1 1 []\">Le guide est destin\u00e9 \u00e0 un usage personnel, mais si tes amis ou ta famille voyagent avec toi, tu peux tout \u00e0 fait partager directement la carte avec eux via Google Maps.<\/p><\/div><\/div><\/div><div class=\"ea-card sp-ea-single\"><h3 class=\"ea-header\"><a class=\"collapsed\" id=\"ea-header-102795\" role=\"button\" data-sptoggle=\"spcollapse\" data-sptarget=\"#collapse102795\" aria-controls=\"collapse102795\" href=\"#\" aria-expanded=\"false\" tabindex=\"0\"><i aria-hidden=\"true\" role=\"presentation\" class=\"ea-expand-icon eap-icon-ea-expand-plus\"><\/i> Qu\u2019est-ce qui rend tes recommandations sp\u00e9ciales ?<\/a><\/h3><div class=\"sp-collapse spcollapse \" id=\"collapse102795\" data-parent=\"#sp-ea-10279\" role=\"region\" aria-labelledby=\"ea-header-102795\"> <div class=\"ea-body\"><p data-pm-slice=\"1 1 []\">J\u2019ai personnellement test\u00e9 chaque adresse recommand\u00e9e en privil\u00e9giant l\u2019authenticit\u00e9, la qualit\u00e9 et l\u2019exp\u00e9rience globale. Mon objectif est de te guider vers des lieux uniques que tu auras du mal \u00e0 trouver dans les guides traditionnels.<\/p><\/div><\/div><\/div><div class=\"ea-card sp-ea-single\"><h3 class=\"ea-header\"><a class=\"collapsed\" id=\"ea-header-102796\" role=\"button\" data-sptoggle=\"spcollapse\" data-sptarget=\"#collapse102796\" aria-controls=\"collapse102796\" href=\"#\" aria-expanded=\"false\" tabindex=\"0\"><i aria-hidden=\"true\" role=\"presentation\" class=\"ea-expand-icon eap-icon-ea-expand-plus\"><\/i> Quelles cat\u00e9gories trouve-t-on dans ce guide ?<\/a><\/h3><div class=\"sp-collapse spcollapse \" id=\"collapse102796\" data-parent=\"#sp-ea-10279\" role=\"region\" aria-labelledby=\"ea-header-102796\"> <div class=\"ea-body\"><p data-pm-slice=\"1 1 []\">Le guide inclut des cat\u00e9gories soigneusement choisies : les meilleurs restaurants, des lieux confidentiels, des plages incontournables, des sites historiques, des endroits instagrammables et des recommandations pratiques pour simplifier l'organisation de ton voyage.<\/p><\/div><\/div><\/div><div class=\"ea-card sp-ea-single\"><h3 class=\"ea-header\"><a class=\"collapsed\" id=\"ea-header-102797\" role=\"button\" data-sptoggle=\"spcollapse\" data-sptarget=\"#collapse102797\" aria-controls=\"collapse102797\" href=\"#\" aria-expanded=\"false\" tabindex=\"0\"><i aria-hidden=\"true\" role=\"presentation\" class=\"ea-expand-icon eap-icon-ea-expand-plus\"><\/i> Proposes-tu des remboursements ?<\/a><\/h3><div class=\"sp-collapse spcollapse \" id=\"collapse102797\" data-parent=\"#sp-ea-10279\" role=\"region\" aria-labelledby=\"ea-header-102797\"> <div class=\"ea-body\"><p data-pm-slice=\"1 1 []\">Comme il s\u2019agit d\u2019un produit num\u00e9rique, les remboursements ne sont g\u00e9n\u00e9ralement pas propos\u00e9s. Cependant, en cas d'insatisfaction, contacte-moi directement et je ferai mon possible pour trouver une solution.<\/p><\/div><\/div><\/div><div class=\"ea-card sp-ea-single\"><h3 class=\"ea-header\"><a class=\"collapsed\" id=\"ea-header-102798\" role=\"button\" data-sptoggle=\"spcollapse\" data-sptarget=\"#collapse102798\" aria-controls=\"collapse102798\" href=\"#\" aria-expanded=\"false\" tabindex=\"0\"><i aria-hidden=\"true\" role=\"presentation\" class=\"ea-expand-icon eap-icon-ea-expand-plus\"><\/i> J\u2019ai d\u2019autres questions, puis-je te contacter ?<\/a><\/h3><div class=\"sp-collapse spcollapse \" id=\"collapse102798\" data-parent=\"#sp-ea-10279\" role=\"region\" aria-labelledby=\"ea-header-102798\"> <div class=\"ea-body\"><p data-pm-slice=\"1 1 []\">Bien s\u00fbr ! Je suis disponible pour t\u2019aider \u2013 envoie-moi simplement un message sur Instagram @thebeachmuse.<\/p><\/div><\/div><\/div><\/div><\/div>\n","protected":false},"excerpt":{"rendered":"<p data-pm-slice=\"1 1 []\"><strong>D\u00e9couvre Ath\u00e8nes sans effort<\/strong> gr\u00e2ce \u00e0 ce guide interactif Google Maps soigneusement con\u00e7u par mes soins. <strong>Gagne des heures de recherche et profite du meilleur d&rsquo;Ath\u00e8nes comme un(e) local(e) ! <\/strong>Apr\u00e8s plusieurs ann\u00e9es pass\u00e9es \u00e0 explorer chaque recoin d&rsquo;Ath\u00e8nes, je te partage mes meilleures adresses de restaurants, caf\u00e9s, bars, boutiques, lieux incontournables mais aussi hors des sentiers battus.<\/p>\n<p><strong>Ton achat inclut :<\/strong><\/p>\n<p>\ud83d\udccc <strong>Plus de 70 lieux test\u00e9s personnellement<\/strong> pour garantir une exp\u00e9rience inoubliable.<\/p>\n<p>\ud83c\udf7d\ufe0f <strong>Mes restaurants pr\u00e9f\u00e9r\u00e9s<\/strong>, des petites tavernes authentiques aux adresses tendances que les locaux adorent.<\/p>\n<p>\ud83c\udf79 <strong>Les meilleurs caf\u00e9s et rooftops<\/strong> pour profiter de l&rsquo;atmosph\u00e8re vibrante d&rsquo;Ath\u00e8nes.<\/p>\n<p>\ud83d\udecd\ufe0f <strong>Des boutiques uniques<\/strong> o\u00f9 d\u00e9nicher des souvenirs authentiques.<\/p>\n<p>\ud83d\udcf8 <strong>Tous les sites incontournables d&rsquo;Ath\u00e8nes<\/strong> ainsi que des coins secrets loin de la foule touristique.<\/p>\n<p>&nbsp;<\/p>\n<p>Il te suffit d&rsquo;ouvrir Google Maps et de commencer \u00e0 explorer imm\u00e9diatement !<\/p>\n<p>&nbsp;<\/p>\n<p><strong>Pr\u00eat(e) \u00e0 vivre Ath\u00e8nes comme un v\u00e9ritable local ?<\/strong><\/p>\n","protected":false},"featured_media":10311,"comment_status":"open","ping_status":"closed","template":"","meta":{"_vp_format_video_url":"","_vp_image_focal_point":[]},"product_brand":[],"product_cat":[239],"product_tag":[],"class_list":{"0":"post-10314","1":"product","2":"type-product","3":"status-publish","4":"has-post-thumbnail","6":"product_cat-greece-fr","8":"first","9":"instock","10":"downloadable","11":"virtual","12":"sold-individually","13":"purchasable","14":"product-type-simple"},"yoast_head":"<!-- This site is optimized with the Yoast SEO plugin v27.3 - https:\/\/yoast.com\/product\/yoast-seo-wordpress\/ -->\n<title>Explore Ath\u00e8nes comme un local \u2013 Guide interactif Google Maps<\/title>\n<meta name=\"description\" content=\"D\u00e9couvre le meilleur d&#039;Ath\u00e8nes gr\u00e2ce \u00e0 ma carte Google Maps des meilleurs restaurants; attractions et plages ! Evite les pi\u00e8ges \u00e0 touristes et gagne du temps.\" \/>\n<meta name=\"robots\" content=\"index, follow, max-snippet:-1, max-image-preview:large, max-video-preview:-1\" \/>\n<link rel=\"canonical\" href=\"https:\/\/thebeachmuse.com\/fr\/produit\/explore-athenes-comme-un-local-guide-interactif-google-maps\/\" \/>\n<meta property=\"og:locale\" content=\"fr_FR\" \/>\n<meta property=\"og:type\" content=\"article\" \/>\n<meta property=\"og:title\" content=\"Explore Ath\u00e8nes comme un local \u2013 Guide interactif Google Maps\" \/>\n<meta property=\"og:description\" content=\"D\u00e9couvre le meilleur d&#039;Ath\u00e8nes gr\u00e2ce \u00e0 ma carte Google Maps des meilleurs restaurants; attractions et plages ! Evite les pi\u00e8ges \u00e0 touristes et gagne du temps.\" \/>\n<meta property=\"og:url\" content=\"https:\/\/thebeachmuse.com\/fr\/produit\/explore-athenes-comme-un-local-guide-interactif-google-maps\/\" \/>\n<meta property=\"og:site_name\" content=\"The Beach Muse\" \/>\n<meta property=\"article:modified_time\" content=\"2025-07-18T22:42:46+00:00\" \/>\n<meta property=\"og:image\" content=\"https:\/\/thebeachmuse.com\/wp-content\/uploads\/2025\/03\/Le-guide-dune-locale-Athenes-Que-faire-a-Athenes.webp\" \/>\n\t<meta property=\"og:image:width\" content=\"1000\" \/>\n\t<meta property=\"og:image:height\" content=\"1500\" \/>\n\t<meta property=\"og:image:type\" content=\"image\/webp\" \/>\n<meta name=\"twitter:card\" content=\"summary_large_image\" \/>\n<meta name=\"twitter:label1\" content=\"Dur\u00e9e de lecture estim\u00e9e\" \/>\n\t<meta name=\"twitter:data1\" content=\"1 minute\" \/>\n<script type=\"application\/ld+json\" class=\"yoast-schema-graph\">{\"@context\":\"https:\\\/\\\/schema.org\",\"@graph\":[{\"@type\":\"WebPage\",\"@id\":\"https:\\\/\\\/thebeachmuse.com\\\/fr\\\/produit\\\/explore-athenes-comme-un-local-guide-interactif-google-maps\\\/\",\"url\":\"https:\\\/\\\/thebeachmuse.com\\\/fr\\\/produit\\\/explore-athenes-comme-un-local-guide-interactif-google-maps\\\/\",\"name\":\"Explore Ath\u00e8nes comme un local \u2013 Guide interactif Google Maps\",\"isPartOf\":{\"@id\":\"https:\\\/\\\/thebeachmuse.com\\\/fr\\\/#website\"},\"primaryImageOfPage\":{\"@id\":\"https:\\\/\\\/thebeachmuse.com\\\/fr\\\/produit\\\/explore-athenes-comme-un-local-guide-interactif-google-maps\\\/#primaryimage\"},\"image\":{\"@id\":\"https:\\\/\\\/thebeachmuse.com\\\/fr\\\/produit\\\/explore-athenes-comme-un-local-guide-interactif-google-maps\\\/#primaryimage\"},\"thumbnailUrl\":\"https:\\\/\\\/thebeachmuse.com\\\/wp-content\\\/uploads\\\/2025\\\/03\\\/Le-guide-dune-locale-Athenes-Que-faire-a-Athenes.webp\",\"datePublished\":\"2025-03-23T17:30:30+00:00\",\"dateModified\":\"2025-07-18T22:42:46+00:00\",\"description\":\"D\u00e9couvre le meilleur d'Ath\u00e8nes gr\u00e2ce \u00e0 ma carte Google Maps des meilleurs restaurants; attractions et plages ! Evite les pi\u00e8ges \u00e0 touristes et gagne du temps.\",\"breadcrumb\":{\"@id\":\"https:\\\/\\\/thebeachmuse.com\\\/fr\\\/produit\\\/explore-athenes-comme-un-local-guide-interactif-google-maps\\\/#breadcrumb\"},\"inLanguage\":\"fr-FR\",\"potentialAction\":[{\"@type\":\"ReadAction\",\"target\":[\"https:\\\/\\\/thebeachmuse.com\\\/fr\\\/produit\\\/explore-athenes-comme-un-local-guide-interactif-google-maps\\\/\"]}]},{\"@type\":\"ImageObject\",\"inLanguage\":\"fr-FR\",\"@id\":\"https:\\\/\\\/thebeachmuse.com\\\/fr\\\/produit\\\/explore-athenes-comme-un-local-guide-interactif-google-maps\\\/#primaryimage\",\"url\":\"https:\\\/\\\/thebeachmuse.com\\\/wp-content\\\/uploads\\\/2025\\\/03\\\/Le-guide-dune-locale-Athenes-Que-faire-a-Athenes.webp\",\"contentUrl\":\"https:\\\/\\\/thebeachmuse.com\\\/wp-content\\\/uploads\\\/2025\\\/03\\\/Le-guide-dune-locale-Athenes-Que-faire-a-Athenes.webp\",\"width\":1000,\"height\":1500,\"caption\":\"Que faire \u00e0 Ath\u00e8nes : guide d'une locale\"},{\"@type\":\"BreadcrumbList\",\"@id\":\"https:\\\/\\\/thebeachmuse.com\\\/fr\\\/produit\\\/explore-athenes-comme-un-local-guide-interactif-google-maps\\\/#breadcrumb\",\"itemListElement\":[{\"@type\":\"ListItem\",\"position\":1,\"name\":\"Accueil\",\"item\":\"https:\\\/\\\/thebeachmuse.com\\\/fr\\\/accueil\\\/\"},{\"@type\":\"ListItem\",\"position\":2,\"name\":\"Produits\",\"item\":\"https:\\\/\\\/thebeachmuse.com\\\/fr\\\/shop\\\/\"},{\"@type\":\"ListItem\",\"position\":3,\"name\":\"Explore Ath\u00e8nes comme un local \u2013 Guide interactif Google Maps\"}]},{\"@type\":\"WebSite\",\"@id\":\"https:\\\/\\\/thebeachmuse.com\\\/fr\\\/#website\",\"url\":\"https:\\\/\\\/thebeachmuse.com\\\/fr\\\/\",\"name\":\"The Beach Muse\",\"description\":\"Mediterranean Traveller\",\"publisher\":{\"@id\":\"https:\\\/\\\/thebeachmuse.com\\\/fr\\\/#\\\/schema\\\/person\\\/954e415f626487d827ff999360f32521\"},\"potentialAction\":[{\"@type\":\"SearchAction\",\"target\":{\"@type\":\"EntryPoint\",\"urlTemplate\":\"https:\\\/\\\/thebeachmuse.com\\\/fr\\\/?s={search_term_string}\"},\"query-input\":{\"@type\":\"PropertyValueSpecification\",\"valueRequired\":true,\"valueName\":\"search_term_string\"}}],\"inLanguage\":\"fr-FR\"},{\"@type\":[\"Person\",\"Organization\"],\"@id\":\"https:\\\/\\\/thebeachmuse.com\\\/fr\\\/#\\\/schema\\\/person\\\/954e415f626487d827ff999360f32521\",\"name\":\"The Beach Muse\",\"image\":{\"@type\":\"ImageObject\",\"inLanguage\":\"fr-FR\",\"@id\":\"https:\\\/\\\/thebeachmuse.com\\\/wp-content\\\/uploads\\\/2018\\\/08\\\/Logo-TBM-rond.png\",\"url\":\"https:\\\/\\\/thebeachmuse.com\\\/wp-content\\\/uploads\\\/2018\\\/08\\\/Logo-TBM-rond.png\",\"contentUrl\":\"https:\\\/\\\/thebeachmuse.com\\\/wp-content\\\/uploads\\\/2018\\\/08\\\/Logo-TBM-rond.png\",\"width\":1357,\"height\":1357,\"caption\":\"The Beach Muse\"},\"logo\":{\"@id\":\"https:\\\/\\\/thebeachmuse.com\\\/wp-content\\\/uploads\\\/2018\\\/08\\\/Logo-TBM-rond.png\"},\"sameAs\":[\"https:\\\/\\\/thebeachmuse.com\\\/\"]}]}<\/script>\n<!-- \/ Yoast SEO plugin. -->","yoast_head_json":{"title":"Explore Ath\u00e8nes comme un local \u2013 Guide interactif Google Maps","description":"D\u00e9couvre le meilleur d'Ath\u00e8nes gr\u00e2ce \u00e0 ma carte Google Maps des meilleurs restaurants; attractions et plages ! Evite les pi\u00e8ges \u00e0 touristes et gagne du temps.","robots":{"index":"index","follow":"follow","max-snippet":"max-snippet:-1","max-image-preview":"max-image-preview:large","max-video-preview":"max-video-preview:-1"},"canonical":"https:\/\/thebeachmuse.com\/fr\/produit\/explore-athenes-comme-un-local-guide-interactif-google-maps\/","og_locale":"fr_FR","og_type":"article","og_title":"Explore Ath\u00e8nes comme un local \u2013 Guide interactif Google Maps","og_description":"D\u00e9couvre le meilleur d'Ath\u00e8nes gr\u00e2ce \u00e0 ma carte Google Maps des meilleurs restaurants; attractions et plages ! Evite les pi\u00e8ges \u00e0 touristes et gagne du temps.","og_url":"https:\/\/thebeachmuse.com\/fr\/produit\/explore-athenes-comme-un-local-guide-interactif-google-maps\/","og_site_name":"The Beach Muse","article_modified_time":"2025-07-18T22:42:46+00:00","og_image":[{"width":1000,"height":1500,"url":"https:\/\/thebeachmuse.com\/wp-content\/uploads\/2025\/03\/Le-guide-dune-locale-Athenes-Que-faire-a-Athenes.webp","type":"image\/webp"}],"twitter_card":"summary_large_image","twitter_misc":{"Dur\u00e9e de lecture estim\u00e9e":"1 minute"},"schema":{"@context":"https:\/\/schema.org","@graph":[{"@type":"WebPage","@id":"https:\/\/thebeachmuse.com\/fr\/produit\/explore-athenes-comme-un-local-guide-interactif-google-maps\/","url":"https:\/\/thebeachmuse.com\/fr\/produit\/explore-athenes-comme-un-local-guide-interactif-google-maps\/","name":"Explore Ath\u00e8nes comme un local \u2013 Guide interactif Google Maps","isPartOf":{"@id":"https:\/\/thebeachmuse.com\/fr\/#website"},"primaryImageOfPage":{"@id":"https:\/\/thebeachmuse.com\/fr\/produit\/explore-athenes-comme-un-local-guide-interactif-google-maps\/#primaryimage"},"image":{"@id":"https:\/\/thebeachmuse.com\/fr\/produit\/explore-athenes-comme-un-local-guide-interactif-google-maps\/#primaryimage"},"thumbnailUrl":"https:\/\/thebeachmuse.com\/wp-content\/uploads\/2025\/03\/Le-guide-dune-locale-Athenes-Que-faire-a-Athenes.webp","datePublished":"2025-03-23T17:30:30+00:00","dateModified":"2025-07-18T22:42:46+00:00","description":"D\u00e9couvre le meilleur d'Ath\u00e8nes gr\u00e2ce \u00e0 ma carte Google Maps des meilleurs restaurants; attractions et plages ! Evite les pi\u00e8ges \u00e0 touristes et gagne du temps.","breadcrumb":{"@id":"https:\/\/thebeachmuse.com\/fr\/produit\/explore-athenes-comme-un-local-guide-interactif-google-maps\/#breadcrumb"},"inLanguage":"fr-FR","potentialAction":[{"@type":"ReadAction","target":["https:\/\/thebeachmuse.com\/fr\/produit\/explore-athenes-comme-un-local-guide-interactif-google-maps\/"]}]},{"@type":"ImageObject","inLanguage":"fr-FR","@id":"https:\/\/thebeachmuse.com\/fr\/produit\/explore-athenes-comme-un-local-guide-interactif-google-maps\/#primaryimage","url":"https:\/\/thebeachmuse.com\/wp-content\/uploads\/2025\/03\/Le-guide-dune-locale-Athenes-Que-faire-a-Athenes.webp","contentUrl":"https:\/\/thebeachmuse.com\/wp-content\/uploads\/2025\/03\/Le-guide-dune-locale-Athenes-Que-faire-a-Athenes.webp","width":1000,"height":1500,"caption":"Que faire \u00e0 Ath\u00e8nes : guide d'une locale"},{"@type":"BreadcrumbList","@id":"https:\/\/thebeachmuse.com\/fr\/produit\/explore-athenes-comme-un-local-guide-interactif-google-maps\/#breadcrumb","itemListElement":[{"@type":"ListItem","position":1,"name":"Accueil","item":"https:\/\/thebeachmuse.com\/fr\/accueil\/"},{"@type":"ListItem","position":2,"name":"Produits","item":"https:\/\/thebeachmuse.com\/fr\/shop\/"},{"@type":"ListItem","position":3,"name":"Explore Ath\u00e8nes comme un local \u2013 Guide interactif Google Maps"}]},{"@type":"WebSite","@id":"https:\/\/thebeachmuse.com\/fr\/#website","url":"https:\/\/thebeachmuse.com\/fr\/","name":"The Beach Muse","description":"Mediterranean Traveller","publisher":{"@id":"https:\/\/thebeachmuse.com\/fr\/#\/schema\/person\/954e415f626487d827ff999360f32521"},"potentialAction":[{"@type":"SearchAction","target":{"@type":"EntryPoint","urlTemplate":"https:\/\/thebeachmuse.com\/fr\/?s={search_term_string}"},"query-input":{"@type":"PropertyValueSpecification","valueRequired":true,"valueName":"search_term_string"}}],"inLanguage":"fr-FR"},{"@type":["Person","Organization"],"@id":"https:\/\/thebeachmuse.com\/fr\/#\/schema\/person\/954e415f626487d827ff999360f32521","name":"The Beach Muse","image":{"@type":"ImageObject","inLanguage":"fr-FR","@id":"https:\/\/thebeachmuse.com\/wp-content\/uploads\/2018\/08\/Logo-TBM-rond.png","url":"https:\/\/thebeachmuse.com\/wp-content\/uploads\/2018\/08\/Logo-TBM-rond.png","contentUrl":"https:\/\/thebeachmuse.com\/wp-content\/uploads\/2018\/08\/Logo-TBM-rond.png","width":1357,"height":1357,"caption":"The Beach Muse"},"logo":{"@id":"https:\/\/thebeachmuse.com\/wp-content\/uploads\/2018\/08\/Logo-TBM-rond.png"},"sameAs":["https:\/\/thebeachmuse.com\/"]}]}},"_links":{"self":[{"href":"https:\/\/thebeachmuse.com\/fr\/wp-json\/wp\/v2\/product\/10314","targetHints":{"allow":["GET"]}}],"collection":[{"href":"https:\/\/thebeachmuse.com\/fr\/wp-json\/wp\/v2\/product"}],"about":[{"href":"https:\/\/thebeachmuse.com\/fr\/wp-json\/wp\/v2\/types\/product"}],"replies":[{"embeddable":true,"href":"https:\/\/thebeachmuse.com\/fr\/wp-json\/wp\/v2\/comments?post=10314"}],"wp:featuredmedia":[{"embeddable":true,"href":"https:\/\/thebeachmuse.com\/fr\/wp-json\/wp\/v2\/media\/10311"}],"wp:attachment":[{"href":"https:\/\/thebeachmuse.com\/fr\/wp-json\/wp\/v2\/media?parent=10314"}],"wp:term":[{"taxonomy":"product_brand","embeddable":true,"href":"https:\/\/thebeachmuse.com\/fr\/wp-json\/wp\/v2\/product_brand?post=10314"},{"taxonomy":"product_cat","embeddable":true,"href":"https:\/\/thebeachmuse.com\/fr\/wp-json\/wp\/v2\/product_cat?post=10314"},{"taxonomy":"product_tag","embeddable":true,"href":"https:\/\/thebeachmuse.com\/fr\/wp-json\/wp\/v2\/product_tag?post=10314"}],"curies":[{"name":"wp","href":"https:\/\/api.w.org\/{rel}","templated":true}]}}